{"id":8,"date":"2026-02-26T00:24:47","date_gmt":"2026-02-26T00:24:47","guid":{"rendered":"https:\/\/testolibidium.mktx.shop\/?page_id=8"},"modified":"2026-03-01T16:18:13","modified_gmt":"2026-03-01T16:18:13","slug":"testolibidium","status":"publish","type":"page","link":"https:\/\/testolibidium.mktx.shop\/","title":{"rendered":"Testolibidium"},"content":{"rendered":"\t\t<div data-elementor-type=\"wp-post\" data-elementor-id=\"8\" class=\"elementor elementor-8\">\n\t\t\t\t\t\t<section class=\"elementor-section elementor-top-section elementor-element elementor-element-2b6aead6 elementor-section-boxed elementor-section-height-default elementor-section-height-default\" data-id=\"2b6aead6\" data-element_type=\"section\" data-e-type=\"section\" data-settings=\"{&quot;background_background&quot;:&quot;gradient&quot;}\">\n\t\t\t\t\t\t<div class=\"elementor-container elementor-column-gap-default\">\n\t\t\t\t\t<div class=\"elementor-column elementor-col-100 elementor-top-column elementor-element elementor-element-3fbf1752\" data-id=\"3fbf1752\" data-element_type=\"column\" data-e-type=\"column\">\n\t\t\t<div class=\"elementor-widget-wrap elementor-element-populated\">\n\t\t\t\t\t\t<div class=\"elementor-element elementor-element-40e4f529 elementor-widget elementor-widget-heading\" data-id=\"40e4f529\" data-element_type=\"widget\" data-e-type=\"widget\" data-widget_type=\"heading.default\">\n\t\t\t\t\t<h2 class=\"elementor-heading-title elementor-size-default\"><a href=\"http:\/\/COLOQUE%20SEU%20LINK%20AQUI\">Testolibidium<\/a><\/h2>\t\t\t\t<\/div>\n\t\t\t\t<div class=\"elementor-element elementor-element-396a6183 elementor-widget elementor-widget-heading\" data-id=\"396a6183\" data-element_type=\"widget\" data-e-type=\"widget\" data-widget_type=\"heading.default\">\n\t\t\t\t\t<h2 class=\"elementor-heading-title elementor-size-default\"><a href=\"https:\/\/ezorder.site\/hu\/TestolibidiumFull\/7\/?pid=oQCv7fK9li%2Fev0oPT1fG%2F80P7sG3IkV4o2%2BQPqoakSZCj%2BX8pUK9eixF8Wo0IAEE&#038;fb_pixel=&#038;click_id=&#038;extra_id_1=\"><u>L\u00e9pjen be a hivatalos weboldalra hatalmas kedvezm\u00e9nnyel  <b>50% kedvezm\u00e9nyt kap<\/b><\/u><\/a><\/h2>\t\t\t\t<\/div>\n\t\t\t\t\t<\/div>\n\t\t<\/div>\n\t\t\t\t\t<\/div>\n\t\t<\/section>\n\t\t<div class=\"elementor-element elementor-element-21e6d6d e-flex e-con-boxed e-con e-parent\" data-id=\"21e6d6d\" data-element_type=\"container\" data-e-type=\"container\" data-settings=\"{&quot;background_background&quot;:&quot;classic&quot;}\">\n\t\t\t\t\t<div class=\"e-con-inner\">\n\t\t<div class=\"elementor-element elementor-element-a6aeb10 e-con-full e-flex e-con e-child\" data-id=\"a6aeb10\" data-element_type=\"container\" data-e-type=\"container\">\n\t\t\t\t<div class=\"elementor-element elementor-element-eeb2f68 elementor-widget elementor-widget-image\" data-id=\"eeb2f68\" data-element_type=\"widget\" data-e-type=\"widget\" data-widget_type=\"image.default\">\n\t\t\t\t\t\t\t\t\t\t\t\t\t\t\t\t<a href=\"https:\/\/ezorder.site\/hu\/TestolibidiumFull\/7\/?pid=oQCv7fK9li%2Fev0oPT1fG%2F80P7sG3IkV4o2%2BQPqoakSZCj%2BX8pUK9eixF8Wo0IAEE&#038;fb_pixel=&#038;click_id=&#038;extra_id_1=\">\n\t\t\t\t\t\t\t<img fetchpriority=\"high\" decoding=\"async\" width=\"500\" height=\"487\" src=\"https:\/\/testolibidium.mktx.shop\/wp-content\/uploads\/2026\/02\/imgi_12_product2.png\" class=\"attachment-large size-large wp-image-12\" alt=\"\" srcset=\"https:\/\/testolibidium.mktx.shop\/wp-content\/uploads\/2026\/02\/imgi_12_product2.png 500w, https:\/\/testolibidium.mktx.shop\/wp-content\/uploads\/2026\/02\/imgi_12_product2-300x292.png 300w\" sizes=\"(max-width: 500px) 100vw, 500px\" \/>\t\t\t\t\t\t\t\t<\/a>\n\t\t\t\t\t\t\t\t\t\t\t\t\t\t\t<\/div>\n\t\t\t\t<\/div>\n\t\t\t\t\t<\/div>\n\t\t\t\t<\/div>\n\t\t\t\t<section class=\"elementor-section elementor-top-section elementor-element elementor-element-72d2cd09 elementor-section-boxed elementor-section-height-default elementor-section-height-default\" data-id=\"72d2cd09\" data-element_type=\"section\" data-e-type=\"section\" data-settings=\"{&quot;background_background&quot;:&quot;gradient&quot;}\">\n\t\t\t\t\t\t<div class=\"elementor-container elementor-column-gap-default\">\n\t\t\t\t\t<div class=\"elementor-column elementor-col-100 elementor-top-column elementor-element elementor-element-4b421169\" data-id=\"4b421169\" data-element_type=\"column\" data-e-type=\"column\">\n\t\t\t<div class=\"elementor-widget-wrap elementor-element-populated\">\n\t\t\t\t\t\t<div class=\"elementor-element elementor-element-41ab1bcd elementor-widget elementor-widget-heading\" data-id=\"41ab1bcd\" data-element_type=\"widget\" data-e-type=\"widget\" data-widget_type=\"heading.default\">\n\t\t\t\t\t<h2 class=\"elementor-heading-title elementor-size-default\"><a href=\"https:\/\/ezorder.site\/hu\/TestolibidiumFull\/7\/?pid=oQCv7fK9li%2Fev0oPT1fG%2F80P7sG3IkV4o2%2BQPqoakSZCj%2BX8pUK9eixF8Wo0IAEE&#038;fb_pixel=&#038;click_id=&#038;extra_id_1=\"><i>El\u00e9gedetts\u00e9gi garancia!<\/i><\/a><\/h2>\t\t\t\t<\/div>\n\t\t\t\t<div class=\"elementor-element elementor-element-4721364a elementor-align-center elementor-widget elementor-widget-button\" data-id=\"4721364a\" data-element_type=\"widget\" data-e-type=\"widget\" data-widget_type=\"button.default\">\n\t\t\t\t\t\t\t\t\t\t<a class=\"elementor-button elementor-button-link elementor-size-lg\" href=\"https:\/\/ezorder.site\/hu\/TestolibidiumFull\/7\/?pid=oQCv7fK9li%2Fev0oPT1fG%2F80P7sG3IkV4o2%2BQPqoakSZCj%2BX8pUK9eixF8Wo0IAEE&#038;fb_pixel=&#038;click_id=&#038;extra_id_1=\">\n\t\t\t\t\t\t<span class=\"elementor-button-content-wrapper\">\n\t\t\t\t\t\t<span class=\"elementor-button-icon\">\n\t\t\t\t<svg aria-hidden=\"true\" class=\"e-font-icon-svg e-far-hand-point-right\" viewBox=\"0 0 512 512\" xmlns=\"http:\/\/www.w3.org\/2000\/svg\"><path d=\"M428.8 137.6h-86.177a115.52 115.52 0 0 0 2.176-22.4c0-47.914-35.072-83.2-92-83.2-45.314 0-57.002 48.537-75.707 78.784-7.735 12.413-16.994 23.317-25.851 33.253l-.131.146-.129.148C135.662 161.807 127.764 168 120.8 168h-2.679c-5.747-4.952-13.536-8-22.12-8H32c-17.673 0-32 12.894-32 28.8v230.4C0 435.106 14.327 448 32 448h64c8.584 0 16.373-3.048 22.12-8h2.679c28.688 0 67.137 40 127.2 40h21.299c62.542 0 98.8-38.658 99.94-91.145 12.482-17.813 18.491-40.785 15.985-62.791A93.148 93.148 0 0 0 393.152 304H428.8c45.435 0 83.2-37.584 83.2-83.2 0-45.099-38.101-83.2-83.2-83.2zm0 118.4h-91.026c12.837 14.669 14.415 42.825-4.95 61.05 11.227 19.646 1.687 45.624-12.925 53.625 6.524 39.128-10.076 61.325-50.6 61.325H248c-45.491 0-77.21-35.913-120-39.676V215.571c25.239-2.964 42.966-21.222 59.075-39.596 11.275-12.65 21.725-25.3 30.799-39.875C232.355 112.712 244.006 80 252.8 80c23.375 0 44 8.8 44 35.2 0 35.2-26.4 53.075-26.4 70.4h158.4c18.425 0 35.2 16.5 35.2 35.2 0 18.975-16.225 35.2-35.2 35.2zM88 384c0 13.255-10.745 24-24 24s-24-10.745-24-24 10.745-24 24-24 24 10.745 24 24z\"><\/path><\/svg>\t\t\t<\/span>\n\t\t\t\t\t\t\t\t\t<span class=\"elementor-button-text\">Hozz\u00e1f\u00e9r\u00e9s a weboldalhoz<\/span>\n\t\t\t\t\t<\/span>\n\t\t\t\t\t<\/a>\n\t\t\t\t\t\t\t\t<\/div>\n\t\t\t\t<div class=\"elementor-element elementor-element-45746fe9 elementor-widget elementor-widget-text-editor\" data-id=\"45746fe9\" data-element_type=\"widget\" data-e-type=\"widget\" data-widget_type=\"text-editor.default\">\n\t\t\t\t\t\t\t\t\t<p>Tov\u00e1bbi inform\u00e1ci\u00f3k\u00e9rt kattintson a fenti gombra.<\/p>\t\t\t\t\t\t\t\t<\/div>\n\t\t\t\t<div class=\"elementor-element elementor-element-53d0fe37 elementor-widget elementor-widget-image\" data-id=\"53d0fe37\" data-element_type=\"widget\" data-e-type=\"widget\" data-widget_type=\"image.default\">\n\t\t\t\t\t\t\t\t\t\t\t\t\t\t\t\t<a href=\"https:\/\/ezorder.site\/hu\/TestolibidiumFull\/7\/?pid=oQCv7fK9li%2Fev0oPT1fG%2F80P7sG3IkV4o2%2BQPqoakSZCj%2BX8pUK9eixF8Wo0IAEE&#038;fb_pixel=&#038;click_id=&#038;extra_id_1=\">\n\t\t\t\t\t\t\t<img decoding=\"async\" width=\"162\" height=\"162\" src=\"https:\/\/testolibidium.mktx.shop\/wp-content\/uploads\/2026\/02\/imgi_18_garanti.png\" class=\"attachment-large size-large wp-image-14\" alt=\"\" srcset=\"https:\/\/testolibidium.mktx.shop\/wp-content\/uploads\/2026\/02\/imgi_18_garanti.png 162w, https:\/\/testolibidium.mktx.shop\/wp-content\/uploads\/2026\/02\/imgi_18_garanti-150x150.png 150w\" sizes=\"(max-width: 162px) 100vw, 162px\" \/>\t\t\t\t\t\t\t\t<\/a>\n\t\t\t\t\t\t\t\t\t\t\t\t\t\t\t<\/div>\n\t\t\t\t<div class=\"elementor-element elementor-element-625ff9d6 elementor-widget elementor-widget-text-editor\" data-id=\"625ff9d6\" data-element_type=\"widget\" data-e-type=\"widget\" data-widget_type=\"text-editor.default\">\n\t\t\t\t\t\t\t\t\t<p><a href=\"https:\/\/mktx.shop\/terms-of-service\/\">Terms Of Use<\/a> | <a href=\"https:\/\/mktx.shop\/privacy-policy\/\">Privacy Policy<\/a><\/p>\t\t\t\t\t\t\t\t<\/div>\n\t\t\t\t\t<\/div>\n\t\t<\/div>\n\t\t\t\t\t<\/div>\n\t\t<\/section>\n\t\t<div class=\"elementor-element elementor-element-6184844 e-flex e-con-boxed e-con e-parent\" data-id=\"6184844\" data-element_type=\"container\" data-e-type=\"container\">\n\t\t\t\t\t<div class=\"e-con-inner\">\n\t\t\t\t<div class=\"elementor-element elementor-element-97d5ce1 elementor-widget elementor-widget-html\" data-id=\"97d5ce1\" data-element_type=\"widget\" data-e-type=\"widget\" data-widget_type=\"html.default\">\n\t\t\t\t\t<style>\r\n  \/* Estilos do Container Principal *\/\r\n  #glp-faq{\r\n    padding: 0;\r\n    margin: 0;\r\n    text-align: center;\r\n    direction: ltr; \r\n  }\r\n  \/* Bot\u00e3o Discreto (Link de Rodap\u00e9) *\/\r\n  #glp-faq .faq-toggle{\r\n    background:none !important;\r\n    border:0 !important;\r\n    padding:0 !important;\r\n    margin:5px 0 0; \r\n    color:#999999; \r\n    font-size:11px; \r\n    line-height:1;\r\n    cursor:pointer;\r\n    display:inline-block;\r\n    text-decoration:underline;\r\n    font-weight: normal;\r\n    font-family: 'Helvetica Neue', Arial, sans-serif;\r\n  }\r\n  #glp-faq .faq-toggle:hover{\r\n    color:#777; \r\n  }\r\n  \/* Conte\u00fado SEO Oculto por Padr\u00e3o no CSS *\/\r\n  #glp-faq .faq-content{\r\n    display:none !important; \r\n    margin-top:3px; \r\n    color:#6c757d; \r\n    text-align: left; \r\n    max-width: 600px; \r\n    margin: 3px auto 0; \r\n    padding: 0 5px; \r\n    font-family: 'Helvetica Neue', Arial, sans-serif;\r\n  }\r\n  \/* Tamanhos de Fonte e Espa\u00e7amento M\u00ednimo *\/\r\n  #glp-faq .faq-content h2{\r\n    font-size:13px; \r\n    margin:2px 0 1px;\r\n    font-weight:600;\r\n  }\r\n  #glp-faq .faq-content h3{\r\n    font-size:12px; \r\n    margin:1px 0 1px; \r\n    font-weight:600;\r\n  }\r\n  #glp-faq .faq-content p{\r\n    margin:0 0 1px; \r\n    line-height:1.4; \r\n    font-size:11px; \r\n  }\r\n<\/style>\r\n\r\n<section id=\"glp-faq\">\r\n  <button class=\"faq-toggle\" type=\"button\" aria-expanded=\"false\" aria-controls=\"faq-content-TESTOLIBIDIUM\">\r\n        <span class=\"label\">Aj\u00e1nlat r\u00e9szleteinek megtekint\u00e9se<\/span>\r\n  <\/button>\r\n\r\n    <div class=\"faq-content\" id=\"faq-content-TESTOLIBIDIUM\" style=\"display: none;\">\r\n    <h2>Testolibidium 9900 Ft -50% kedvezm\u00e9nnyel \u00e9s Eredeti Garanci\u00e1val<\/h2>\r\n    <p>\u00dcdv\u00f6z\u00f6lj\u00fck a Testolibidium hivatalos oldal\u00e1n. Ez a pr\u00e9mium formula kifejezetten a f\u00e9rfi er\u0151 \u00e9s vitalit\u00e1s t\u00e1mogat\u00e1s\u00e1ra lett kifejlesztve v\u00e1logatott term\u00e9szetes \u00f6sszetev\u0151kkel.<\/p>\r\n    \r\n    <h2>Official Offer Overview<\/h2>\r\n    <p>A Testolibidium jelenleg exkluz\u00edv prom\u00f3ci\u00f3ban \u00e9rhet\u0151 el a magyar piacon. Minden rendel\u00e9s diszkr\u00e9t csomagol\u00e1sban \u00e9rkezik a v\u00e1s\u00e1rl\u00f3 mag\u00e1nszf\u00e9r\u00e1j\u00e1nak v\u00e9delme \u00e9rdek\u00e9ben. Gyors kisz\u00e1ll\u00edt\u00e1s az orsz\u00e1g eg\u00e9sz ter\u00fclet\u00e9n.<\/p>\r\n    \r\n    <h2>Pricing and Discount Details<\/h2>\r\n    <p>Az eredeti \u00e1r 19800 Ft, de a mai k\u00e9szlet erej\u00e9ig 50% kedvezm\u00e9nyt biztos\u00edtunk, \u00edgy a v\u00e9g\u00f6sszeg mind\u00f6ssze 9900 Ft. Nincsenek rejtett k\u00f6lts\u00e9gek a term\u00e9k \u00e1r\u00e1ban.<\/p>\r\n    \r\n    <h2>Sz\u00e1ll\u00edt\u00e1si \u00e9s Min\u0151s\u00e9gi Ir\u00e1nyelvek<\/h2>\r\n    <p>A term\u00e9k szigor\u00fa min\u0151s\u00e9gellen\u0151rz\u00e9sen esik \u00e1t. A kisz\u00e1ll\u00edt\u00e1s fut\u00e1rszolg\u00e1lattal t\u00f6rt\u00e9nik, a csomagol\u00e1son nem szerepel a term\u00e9k neve, \u00edgy a rendel\u00e9s teljesen anonim marad.<\/p>\r\n\r\n    <h2>Frequently Asked Questions (FAQ)<\/h2>\r\n    <h3>Mennyibe ker\u00fcl a Testolibidium \u00e9s van-e kedvezm\u00e9ny?<\/h3>\r\n    <p>A Testolibidium \u00e1ra jelenleg 9900 Ft, ami 50% kedvezm\u00e9nyt jelent az eredeti 19800 Ft-os \u00e1rhoz k\u00e9pest.<\/p>\r\n    \r\n    <h3>Hogyan t\u00f6rt\u00e9nik a sz\u00e1ll\u00edt\u00e1s?<\/h3>\r\n    <p>A sz\u00e1ll\u00edt\u00e1s gyors \u00e9s diszkr\u00e9t. B\u00e1r a sz\u00e1ll\u00edt\u00e1si d\u00edj nem ingyenes, a term\u00e9ket biztons\u00e1gos \u00e9s jel\u00f6letlen csomagol\u00e1sban juttatjuk el \u00d6nh\u00f6z.<\/p>\r\n    \r\n    <h3>Van-e garancia a term\u00e9kre?<\/h3>\r\n    <p>Minden t\u0151l\u00fcnk rendelt Testolibidium eredeti \u00e9s a gy\u00e1rt\u00f3t\u00f3l sz\u00e1rmazik, biztos\u00edtva a hirdetett formul\u00e1t \u00e9s min\u0151s\u00e9get.<\/p>\r\n\r\n  <\/div>\r\n<\/section>\r\n\r\n<script>\r\n  document.addEventListener(\"DOMContentLoaded\", function(){\r\n    var btn = document.querySelector(\"#glp-faq .faq-toggle\");\r\n    \r\n    var isEditor = document.body.classList.contains('elementor-editor-active');\r\n\r\n    if(btn){\r\n      var contentId = btn.getAttribute('aria-controls');\r\n      var content = document.getElementById(contentId); \r\n    \r\n      if (content) {\r\n        if(isEditor) {\r\n          content.style.display = 'block';\r\n          content.style.removeProperty('display'); \r\n        } else {\r\n          content.style.display = 'none'; \r\n          btn.addEventListener(\"click\", function(){\r\n            content.style.display = content.style.display === \"block\" ? \"none\" : \"block\";\r\n            btn.setAttribute('aria-expanded', content.style.display === \"block\");\r\n          });\r\n        }\r\n      }\r\n    }\r\n  });\r\n<\/script>\t\t\t\t<\/div>\n\t\t\t\t\t<\/div>\n\t\t\t\t<\/div>\n\t\t\t\t<\/div>\n\t\t","protected":false},"excerpt":{"rendered":"<p>Testolibidium L\u00e9pjen be a hivatalos weboldalra hatalmas kedvezm\u00e9nnyel 50% kedvezm\u00e9nyt kap El\u00e9gedetts\u00e9gi garancia! Hozz\u00e1f\u00e9r\u00e9s a weboldalhoz Tov\u00e1bbi inform\u00e1ci\u00f3k\u00e9rt kattintson a fenti gombra. Terms Of Use | Privacy Policy Aj\u00e1nlat r\u00e9szleteinek megtekint\u00e9se Testolibidium 9900 Ft -50% kedvezm\u00e9nnyel \u00e9s Eredeti Garanci\u00e1val \u00dcdv\u00f6z\u00f6lj\u00fck a Testolibidium hivatalos oldal\u00e1n. Ez a pr\u00e9mium formula kifejezetten a f\u00e9rfi er\u0151 \u00e9s vitalit\u00e1s t\u00e1mogat\u00e1s\u00e1ra [&hellip;]<\/p>\n","protected":false},"author":1,"featured_media":0,"parent":0,"menu_order":0,"comment_status":"closed","ping_status":"closed","template":"elementor_canvas","meta":{"footnotes":""},"class_list":["post-8","page","type-page","status-publish","hentry"],"yoast_head":"<!-- This site is optimized with the Yoast SEO plugin v27.4 - https:\/\/yoast.com\/product\/yoast-seo-wordpress\/ -->\n<title>Testolibidium Hivatalos Akci\u00f3: -50% Kedvezm\u00e9ny Csak 9900 Ft Ma<\/title>\n<meta name=\"description\" content=\"V\u00e1s\u00e1rolja meg a Testolibidium-ot 50% kedvezm\u00e9nnyel. Csak 9900 Ft a hivatalos oldalon. Testolibidium: Term\u00e9szetes formula a f\u00e9rfi er\u0151\u00e9rt. Haszn\u00e1lja ki a 9900 Ft-os akci\u00f3t ma. Ne hagyja ki! Testolibidium f\u00e9l\u00e1ron, 19800 Ft helyett most csak 9900 Ft. Rendeljen most. Eredeti Testolibidium k\u00f6zvetlen\u00fcl a gy\u00e1rt\u00f3t\u00f3l. Gyors sz\u00e1ll\u00edt\u00e1s \u00e9s diszkr\u00e9t csomagol\u00e1s.\" \/>\n<meta name=\"robots\" content=\"index, follow, max-snippet:-1, max-image-preview:large, max-video-preview:-1\" \/>\n<link rel=\"canonical\" href=\"https:\/\/testolibidium.mktx.shop\/\" \/>\n<meta property=\"og:locale\" content=\"pt_BR\" \/>\n<meta property=\"og:type\" content=\"article\" \/>\n<meta property=\"og:title\" content=\"Testolibidium Hivatalos Akci\u00f3: -50% Kedvezm\u00e9ny Csak 9900 Ft Ma\" \/>\n<meta property=\"og:description\" content=\"V\u00e1s\u00e1rolja meg a Testolibidium-ot 50% kedvezm\u00e9nnyel. Csak 9900 Ft a hivatalos oldalon. Testolibidium: Term\u00e9szetes formula a f\u00e9rfi er\u0151\u00e9rt. Haszn\u00e1lja ki a 9900 Ft-os akci\u00f3t ma. Ne hagyja ki! Testolibidium f\u00e9l\u00e1ron, 19800 Ft helyett most csak 9900 Ft. Rendeljen most. Eredeti Testolibidium k\u00f6zvetlen\u00fcl a gy\u00e1rt\u00f3t\u00f3l. Gyors sz\u00e1ll\u00edt\u00e1s \u00e9s diszkr\u00e9t csomagol\u00e1s.\" \/>\n<meta property=\"og:url\" content=\"https:\/\/testolibidium.mktx.shop\/\" \/>\n<meta property=\"og:site_name\" content=\"Testolibidium\" \/>\n<meta property=\"article:modified_time\" content=\"2026-03-01T16:18:13+00:00\" \/>\n<meta property=\"og:image\" content=\"https:\/\/testolibidium.mktx.shop\/wp-content\/uploads\/2026\/02\/imgi_12_product2.png\" \/>\n\t<meta property=\"og:image:width\" content=\"500\" \/>\n\t<meta property=\"og:image:height\" content=\"487\" \/>\n\t<meta property=\"og:image:type\" content=\"image\/png\" \/>\n<meta name=\"twitter:card\" content=\"summary_large_image\" \/>\n<meta name=\"twitter:label1\" content=\"Est. tempo de leitura\" \/>\n\t<meta name=\"twitter:data1\" content=\"3 minutos\" \/>\n<script type=\"application\/ld+json\" class=\"yoast-schema-graph\">{\"@context\":\"https:\\\/\\\/schema.org\",\"@graph\":[{\"@type\":\"WebPage\",\"@id\":\"https:\\\/\\\/testolibidium.mktx.shop\\\/\",\"url\":\"https:\\\/\\\/testolibidium.mktx.shop\\\/\",\"name\":\"Testolibidium Hivatalos Akci\u00f3: -50% Kedvezm\u00e9ny Csak 9900 Ft Ma\",\"isPartOf\":{\"@id\":\"https:\\\/\\\/testolibidium.mktx.shop\\\/#website\"},\"primaryImageOfPage\":{\"@id\":\"https:\\\/\\\/testolibidium.mktx.shop\\\/#primaryimage\"},\"image\":{\"@id\":\"https:\\\/\\\/testolibidium.mktx.shop\\\/#primaryimage\"},\"thumbnailUrl\":\"https:\\\/\\\/testolibidium.mktx.shop\\\/wp-content\\\/uploads\\\/2026\\\/02\\\/imgi_12_product2.png\",\"datePublished\":\"2026-02-26T00:24:47+00:00\",\"dateModified\":\"2026-03-01T16:18:13+00:00\",\"description\":\"V\u00e1s\u00e1rolja meg a Testolibidium-ot 50% kedvezm\u00e9nnyel. Csak 9900 Ft a hivatalos oldalon. Testolibidium: Term\u00e9szetes formula a f\u00e9rfi er\u0151\u00e9rt. Haszn\u00e1lja ki a 9900 Ft-os akci\u00f3t ma. Ne hagyja ki! Testolibidium f\u00e9l\u00e1ron, 19800 Ft helyett most csak 9900 Ft. Rendeljen most. Eredeti Testolibidium k\u00f6zvetlen\u00fcl a gy\u00e1rt\u00f3t\u00f3l. Gyors sz\u00e1ll\u00edt\u00e1s \u00e9s diszkr\u00e9t csomagol\u00e1s.\",\"breadcrumb\":{\"@id\":\"https:\\\/\\\/testolibidium.mktx.shop\\\/#breadcrumb\"},\"inLanguage\":\"pt-BR\",\"potentialAction\":[{\"@type\":\"ReadAction\",\"target\":[\"https:\\\/\\\/testolibidium.mktx.shop\\\/\"]}]},{\"@type\":\"ImageObject\",\"inLanguage\":\"pt-BR\",\"@id\":\"https:\\\/\\\/testolibidium.mktx.shop\\\/#primaryimage\",\"url\":\"https:\\\/\\\/testolibidium.mktx.shop\\\/wp-content\\\/uploads\\\/2026\\\/02\\\/imgi_12_product2.png\",\"contentUrl\":\"https:\\\/\\\/testolibidium.mktx.shop\\\/wp-content\\\/uploads\\\/2026\\\/02\\\/imgi_12_product2.png\",\"width\":500,\"height\":487},{\"@type\":\"BreadcrumbList\",\"@id\":\"https:\\\/\\\/testolibidium.mktx.shop\\\/#breadcrumb\",\"itemListElement\":[{\"@type\":\"ListItem\",\"position\":1,\"name\":\"In\u00edcio\",\"item\":\"https:\\\/\\\/testolibidium.mktx.shop\\\/\"},{\"@type\":\"ListItem\",\"position\":2,\"name\":\"Testolibidium\"}]},{\"@type\":\"WebSite\",\"@id\":\"https:\\\/\\\/testolibidium.mktx.shop\\\/#website\",\"url\":\"https:\\\/\\\/testolibidium.mktx.shop\\\/\",\"name\":\"https:\\\/\\\/testolibidium.mktx.shop\\\/\",\"description\":\"V\u00e1s\u00e1rolja meg a Testolibidium-ot 50% kedvezm\u00e9nnyel. Csak 9900 Ft a hivatalos oldalon.\",\"alternateName\":\"https:\\\/\\\/testolibidium.mktx.shop\\\/\",\"potentialAction\":[{\"@type\":\"SearchAction\",\"target\":{\"@type\":\"EntryPoint\",\"urlTemplate\":\"https:\\\/\\\/testolibidium.mktx.shop\\\/?s={search_term_string}\"},\"query-input\":{\"@type\":\"PropertyValueSpecification\",\"valueRequired\":true,\"valueName\":\"search_term_string\"}}],\"inLanguage\":\"pt-BR\"}]}<\/script>\n<!-- \/ Yoast SEO plugin. -->","yoast_head_json":{"title":"Testolibidium Hivatalos Akci\u00f3: -50% Kedvezm\u00e9ny Csak 9900 Ft Ma","description":"V\u00e1s\u00e1rolja meg a Testolibidium-ot 50% kedvezm\u00e9nnyel. Csak 9900 Ft a hivatalos oldalon. Testolibidium: Term\u00e9szetes formula a f\u00e9rfi er\u0151\u00e9rt. Haszn\u00e1lja ki a 9900 Ft-os akci\u00f3t ma. Ne hagyja ki! Testolibidium f\u00e9l\u00e1ron, 19800 Ft helyett most csak 9900 Ft. Rendeljen most. Eredeti Testolibidium k\u00f6zvetlen\u00fcl a gy\u00e1rt\u00f3t\u00f3l. Gyors sz\u00e1ll\u00edt\u00e1s \u00e9s diszkr\u00e9t csomagol\u00e1s.","robots":{"index":"index","follow":"follow","max-snippet":"max-snippet:-1","max-image-preview":"max-image-preview:large","max-video-preview":"max-video-preview:-1"},"canonical":"https:\/\/testolibidium.mktx.shop\/","og_locale":"pt_BR","og_type":"article","og_title":"Testolibidium Hivatalos Akci\u00f3: -50% Kedvezm\u00e9ny Csak 9900 Ft Ma","og_description":"V\u00e1s\u00e1rolja meg a Testolibidium-ot 50% kedvezm\u00e9nnyel. Csak 9900 Ft a hivatalos oldalon. Testolibidium: Term\u00e9szetes formula a f\u00e9rfi er\u0151\u00e9rt. Haszn\u00e1lja ki a 9900 Ft-os akci\u00f3t ma. Ne hagyja ki! Testolibidium f\u00e9l\u00e1ron, 19800 Ft helyett most csak 9900 Ft. Rendeljen most. Eredeti Testolibidium k\u00f6zvetlen\u00fcl a gy\u00e1rt\u00f3t\u00f3l. Gyors sz\u00e1ll\u00edt\u00e1s \u00e9s diszkr\u00e9t csomagol\u00e1s.","og_url":"https:\/\/testolibidium.mktx.shop\/","og_site_name":"Testolibidium","article_modified_time":"2026-03-01T16:18:13+00:00","og_image":[{"width":500,"height":487,"url":"https:\/\/testolibidium.mktx.shop\/wp-content\/uploads\/2026\/02\/imgi_12_product2.png","type":"image\/png"}],"twitter_card":"summary_large_image","twitter_misc":{"Est. tempo de leitura":"3 minutos"},"schema":{"@context":"https:\/\/schema.org","@graph":[{"@type":"WebPage","@id":"https:\/\/testolibidium.mktx.shop\/","url":"https:\/\/testolibidium.mktx.shop\/","name":"Testolibidium Hivatalos Akci\u00f3: -50% Kedvezm\u00e9ny Csak 9900 Ft Ma","isPartOf":{"@id":"https:\/\/testolibidium.mktx.shop\/#website"},"primaryImageOfPage":{"@id":"https:\/\/testolibidium.mktx.shop\/#primaryimage"},"image":{"@id":"https:\/\/testolibidium.mktx.shop\/#primaryimage"},"thumbnailUrl":"https:\/\/testolibidium.mktx.shop\/wp-content\/uploads\/2026\/02\/imgi_12_product2.png","datePublished":"2026-02-26T00:24:47+00:00","dateModified":"2026-03-01T16:18:13+00:00","description":"V\u00e1s\u00e1rolja meg a Testolibidium-ot 50% kedvezm\u00e9nnyel. Csak 9900 Ft a hivatalos oldalon. Testolibidium: Term\u00e9szetes formula a f\u00e9rfi er\u0151\u00e9rt. Haszn\u00e1lja ki a 9900 Ft-os akci\u00f3t ma. Ne hagyja ki! Testolibidium f\u00e9l\u00e1ron, 19800 Ft helyett most csak 9900 Ft. Rendeljen most. Eredeti Testolibidium k\u00f6zvetlen\u00fcl a gy\u00e1rt\u00f3t\u00f3l. Gyors sz\u00e1ll\u00edt\u00e1s \u00e9s diszkr\u00e9t csomagol\u00e1s.","breadcrumb":{"@id":"https:\/\/testolibidium.mktx.shop\/#breadcrumb"},"inLanguage":"pt-BR","potentialAction":[{"@type":"ReadAction","target":["https:\/\/testolibidium.mktx.shop\/"]}]},{"@type":"ImageObject","inLanguage":"pt-BR","@id":"https:\/\/testolibidium.mktx.shop\/#primaryimage","url":"https:\/\/testolibidium.mktx.shop\/wp-content\/uploads\/2026\/02\/imgi_12_product2.png","contentUrl":"https:\/\/testolibidium.mktx.shop\/wp-content\/uploads\/2026\/02\/imgi_12_product2.png","width":500,"height":487},{"@type":"BreadcrumbList","@id":"https:\/\/testolibidium.mktx.shop\/#breadcrumb","itemListElement":[{"@type":"ListItem","position":1,"name":"In\u00edcio","item":"https:\/\/testolibidium.mktx.shop\/"},{"@type":"ListItem","position":2,"name":"Testolibidium"}]},{"@type":"WebSite","@id":"https:\/\/testolibidium.mktx.shop\/#website","url":"https:\/\/testolibidium.mktx.shop\/","name":"https:\/\/testolibidium.mktx.shop\/","description":"V\u00e1s\u00e1rolja meg a Testolibidium-ot 50% kedvezm\u00e9nnyel. Csak 9900 Ft a hivatalos oldalon.","alternateName":"https:\/\/testolibidium.mktx.shop\/","potentialAction":[{"@type":"SearchAction","target":{"@type":"EntryPoint","urlTemplate":"https:\/\/testolibidium.mktx.shop\/?s={search_term_string}"},"query-input":{"@type":"PropertyValueSpecification","valueRequired":true,"valueName":"search_term_string"}}],"inLanguage":"pt-BR"}]}},"_links":{"self":[{"href":"https:\/\/testolibidium.mktx.shop\/index.php?rest_route=\/wp\/v2\/pages\/8","targetHints":{"allow":["GET"]}}],"collection":[{"href":"https:\/\/testolibidium.mktx.shop\/index.php?rest_route=\/wp\/v2\/pages"}],"about":[{"href":"https:\/\/testolibidium.mktx.shop\/index.php?rest_route=\/wp\/v2\/types\/page"}],"author":[{"embeddable":true,"href":"https:\/\/testolibidium.mktx.shop\/index.php?rest_route=\/wp\/v2\/users\/1"}],"replies":[{"embeddable":true,"href":"https:\/\/testolibidium.mktx.shop\/index.php?rest_route=%2Fwp%2Fv2%2Fcomments&post=8"}],"version-history":[{"count":25,"href":"https:\/\/testolibidium.mktx.shop\/index.php?rest_route=\/wp\/v2\/pages\/8\/revisions"}],"predecessor-version":[{"id":42,"href":"https:\/\/testolibidium.mktx.shop\/index.php?rest_route=\/wp\/v2\/pages\/8\/revisions\/42"}],"wp:attachment":[{"href":"https:\/\/testolibidium.mktx.shop\/index.php?rest_route=%2Fwp%2Fv2%2Fmedia&parent=8"}],"curies":[{"name":"wp","href":"https:\/\/api.w.org\/{rel}","templated":true}]}}